{"id":224,"date":"2020-03-29T21:06:11","date_gmt":"2020-03-29T21:06:11","guid":{"rendered":"https:\/\/alfonzoinstruments.com\/es\/?page_id=224"},"modified":"2020-03-29T21:06:11","modified_gmt":"2020-03-29T21:06:11","slug":"calibracion-y-reparacion","status":"publish","type":"page","link":"https:\/\/alfonzoinstruments.com\/es\/calibracion-y-reparacion\/","title":{"rendered":"Calibraci\u00f3n y Reparaci\u00f3n"},"content":{"rendered":"\n<figure class=\"wp-block-image size-large\"><img loading=\"lazy\" width=\"962\" height=\"277\" src=\"https:\/\/alfonzoinstruments.com\/es\/wp-content\/uploads\/2020\/03\/CALIBRACION.jpg\" alt=\"\" class=\"wp-image-226\" srcset=\"https:\/\/alfonzoinstruments.com\/es\/wp-content\/uploads\/2020\/03\/CALIBRACION.jpg 962w, https:\/\/alfonzoinstruments.com\/es\/wp-content\/uploads\/2020\/03\/CALIBRACION-300x86.jpg 300w, https:\/\/alfonzoinstruments.com\/es\/wp-content\/uploads\/2020\/03\/CALIBRACION-768x221.jpg 768w, https:\/\/alfonzoinstruments.com\/es\/wp-content\/uploads\/2020\/03\/CALIBRACION-150x43.jpg 150w\" sizes=\"(max-width: 962px) 100vw, 962px\" \/><\/figure>\n\n\n\n<p>En los sistemas de refrigeraci\u00f3n, las presiones, temperaturas, sobrecalentamiento y subenfriamiento deben ser verificados para asegurar el correcto desempe\u00f1o del sistema. Adem\u00e1s es necesario verificar la estanqueidad del sistema y localizar fugas si existieran. Bas\u00e1ndose en estos par\u00e1metros y verificaciones se puede establecer de forma eficiente el estado de seguridad y eficiencia del sistema.<\/p>\n\n\n\n<div class=\"wp-block-image\"><figure class=\"alignleft size-large\"><img loading=\"lazy\" width=\"164\" height=\"222\" src=\"https:\/\/alfonzoinstruments.com\/es\/wp-content\/uploads\/2020\/03\/untitled.png\" alt=\"\" class=\"wp-image-227\" srcset=\"https:\/\/alfonzoinstruments.com\/es\/wp-content\/uploads\/2020\/03\/untitled.png 164w, https:\/\/alfonzoinstruments.com\/es\/wp-content\/uploads\/2020\/03\/untitled-111x150.png 111w\" sizes=\"(max-width: 164px) 100vw, 164px\" \/><\/figure><\/div>\n\n\n\n<p><strong>Alfonzo Instruments Service C.A.<\/strong> ofrece a sus clientes un servicio de calibraci\u00f3n profesional y eficiente, exclusivo para equipos de la marca.<br>Se realizan calibraciones de equipos port\u00e1tiles, dataloggers y transmisores en los siguientes par\u00e1metros: temperatura, humedad relativa y punto de roc\u00edo, gases de combusti\u00f3n, velocidad de aire, presi\u00f3n diferencial y pH.<\/p>\n\n\n\n<p>Nuestros patrones de calibraci\u00f3n son trazables al INTI o bien a patrones europeos reconocidos.<br>El uso de equipamiento de \u00faltima generaci\u00f3n, tal como c\u00e1mara de humedad estabilizada, ajustable entre 5% y 95%, ba\u00f1os termost\u00e1ticos de precisi\u00f3n y mini-t\u00faneles de viento, aseguran una m\u00ednima incertidumbre de medici\u00f3n.<\/p>\n","protected":false},"excerpt":{"rendered":"<p>En los sistemas de refrigeraci\u00f3n, las presiones, temperaturas, sobrecalentamiento y subenfriamiento deben ser verificados para asegurar el correcto desempe\u00f1o del sistema. Adem\u00e1s es necesario verificar la estanqueidad del sistema y localizar fugas si existieran. Bas\u00e1ndose en estos par\u00e1metros y verificaciones se puede establecer de forma eficiente el estado de seguridad&#8230;<\/p>\n<p class=\"continue-reading-button\"> <a class=\"continue-reading-link\" href=\"https:\/\/alfonzoinstruments.com\/es\/calibracion-y-reparacion\/\">Continue reading<i class=\"crycon-right-dir\"><\/i><\/a><\/p>\n","protected":false},"author":1,"featured_media":0,"parent":0,"menu_order":0,"comment_status":"closed","ping_status":"closed","template":"","meta":[],"_links":{"self":[{"href":"https:\/\/alfonzoinstruments.com\/es\/wp-json\/wp\/v2\/pages\/224"}],"collection":[{"href":"https:\/\/alfonzoinstruments.com\/es\/wp-json\/wp\/v2\/pages"}],"about":[{"href":"https:\/\/alfonzoinstruments.com\/es\/wp-json\/wp\/v2\/types\/page"}],"author":[{"embeddable":true,"href":"https:\/\/alfonzoinstruments.com\/es\/wp-json\/wp\/v2\/users\/1"}],"replies":[{"embeddable":true,"href":"https:\/\/alfonzoinstruments.com\/es\/wp-json\/wp\/v2\/comments?post=224"}],"version-history":[{"count":2,"href":"https:\/\/alfonzoinstruments.com\/es\/wp-json\/wp\/v2\/pages\/224\/revisions"}],"predecessor-version":[{"id":229,"href":"https:\/\/alfonzoinstruments.com\/es\/wp-json\/wp\/v2\/pages\/224\/revisions\/229"}],"wp:attachment":[{"href":"https:\/\/alfonzoinstruments.com\/es\/wp-json\/wp\/v2\/media?parent=224"}],"curies":[{"name":"wp","href":"https:\/\/api.w.org\/{rel}","templated":true}]}}