{"id":219,"date":"2020-03-29T20:56:21","date_gmt":"2020-03-29T20:56:21","guid":{"rendered":"https:\/\/alfonzoinstruments.com\/es\/?page_id=219"},"modified":"2020-03-29T20:56:21","modified_gmt":"2020-03-29T20:56:21","slug":"acerca","status":"publish","type":"page","link":"https:\/\/alfonzoinstruments.com\/es\/acerca\/","title":{"rendered":"Acerca de Alfonzo Instruments Service C.A."},"content":{"rendered":"\n<figure class=\"wp-block-image size-large\"><img loading=\"lazy\" width=\"962\" height=\"277\" src=\"https:\/\/alfonzoinstruments.com\/es\/wp-content\/uploads\/2020\/03\/acerca.png\" alt=\"\" class=\"wp-image-220\" srcset=\"https:\/\/alfonzoinstruments.com\/es\/wp-content\/uploads\/2020\/03\/acerca.png 962w, https:\/\/alfonzoinstruments.com\/es\/wp-content\/uploads\/2020\/03\/acerca-300x86.png 300w, https:\/\/alfonzoinstruments.com\/es\/wp-content\/uploads\/2020\/03\/acerca-768x221.png 768w, https:\/\/alfonzoinstruments.com\/es\/wp-content\/uploads\/2020\/03\/acerca-150x43.png 150w\" sizes=\"(max-width: 962px) 100vw, 962px\" \/><\/figure>\n\n\n\n<p><strong>Alfonzo Instruments Service C.A.<\/strong>&nbsp;se fund\u00f3 originalmente en 1.994 con la intensi\u00f3n de llenar un inmenso vac\u00edo en el mercado Venezolano en lo referente a Instrumentos de Medici\u00f3n y equipos Industriales. Ser Matriz de referencia nacional y generar un Est\u00e1ndar en cuanto a la funci\u00f3n y pol\u00edtica de incorporarse en la producci\u00f3n y operaci\u00f3n de las empresas clientes. Cumplir con el 100% sus necesidades de atenci\u00f3n t\u00e9cnica. Ser una empresa proveedora, confiable, la cual comprende no ser un actor m\u00e1s en la cadena de producci\u00f3n sino actuar como un departamento externo de mantenimiento, garant\u00eda, entrenamiento, de toda empresa que sea nuestro cliente y se sienta a gusto con nuestro sistema de negocios, enfatizando que nuestro servicio es totalmente en Espa\u00f1ol. Acabando con&nbsp;frases como: Eso es importado, No viene m\u00e1s, Eso No hay, Eso no se consigue, No hay repuestos , Ni Garant\u00eda en el pa\u00eds. CON&nbsp;<strong>ALFONZO INSTRUMENTS SERVICE C.A<\/strong>. : SI HAY , CON GARANT\u00cdA NACIONAL Y OFICINAS LOCALES!.&nbsp; Procesamos Informaci\u00f3n, hablamos y traducimos documentaci\u00f3n t\u00e9cnica del Ingl\u00e9s, Alem\u00e1n y pronto del Franc\u00e9s. Corregimos traducciones err\u00f3neas, modismos no aptos ni comprensible en Venezuela y adaptamos las instrucciones y entrenamiento a la realidad, educaci\u00f3n y sus necesidades.<\/p>\n\n\n\n<p>Representamos solo fabricantes de primera calidad de ALEMANIA, FRANCIA, INGLATERRA, ESTADOS UNIDOS , ESPA\u00d1A con verdadera Garant\u00eda y Entrenamiento dictado en idioma espa\u00f1ol en su empresa.<\/p>\n\n\n\n<p>La empresa se fund\u00f3 con la visi\u00f3n de estructurarse en 3 departamentos:\u00a0 Ventas directas, Mantenimiento e Instalaci\u00f3n, Entrenamiento, Ingenier\u00eda y dise\u00f1o, \u00a0aparte de un taller de pruebas, reparaciones, calibraci\u00f3n, fabricaci\u00f3n y experimentaci\u00f3n. Con metas de expandirse hacia la exportaci\u00f3n de productos de calidad venezolana<\/p>\n","protected":false},"excerpt":{"rendered":"<p>Alfonzo Instruments Service C.A.&nbsp;se fund\u00f3 originalmente en 1.994 con la intensi\u00f3n de llenar un inmenso vac\u00edo en el mercado Venezolano en lo referente a Instrumentos de Medici\u00f3n y equipos Industriales. Ser Matriz de referencia nacional y generar un Est\u00e1ndar en cuanto a la funci\u00f3n y pol\u00edtica de incorporarse en la&#8230;<\/p>\n<p class=\"continue-reading-button\"> <a class=\"continue-reading-link\" href=\"https:\/\/alfonzoinstruments.com\/es\/acerca\/\">Continue reading<i class=\"crycon-right-dir\"><\/i><\/a><\/p>\n","protected":false},"author":1,"featured_media":0,"parent":0,"menu_order":0,"comment_status":"closed","ping_status":"closed","template":"","meta":[],"_links":{"self":[{"href":"https:\/\/alfonzoinstruments.com\/es\/wp-json\/wp\/v2\/pages\/219"}],"collection":[{"href":"https:\/\/alfonzoinstruments.com\/es\/wp-json\/wp\/v2\/pages"}],"about":[{"href":"https:\/\/alfonzoinstruments.com\/es\/wp-json\/wp\/v2\/types\/page"}],"author":[{"embeddable":true,"href":"https:\/\/alfonzoinstruments.com\/es\/wp-json\/wp\/v2\/users\/1"}],"replies":[{"embeddable":true,"href":"https:\/\/alfonzoinstruments.com\/es\/wp-json\/wp\/v2\/comments?post=219"}],"version-history":[{"count":1,"href":"https:\/\/alfonzoinstruments.com\/es\/wp-json\/wp\/v2\/pages\/219\/revisions"}],"predecessor-version":[{"id":221,"href":"https:\/\/alfonzoinstruments.com\/es\/wp-json\/wp\/v2\/pages\/219\/revisions\/221"}],"wp:attachment":[{"href":"https:\/\/alfonzoinstruments.com\/es\/wp-json\/wp\/v2\/media?parent=219"}],"curies":[{"name":"wp","href":"https:\/\/api.w.org\/{rel}","templated":true}]}}