{"id":209,"date":"2020-03-29T19:06:25","date_gmt":"2020-03-29T19:06:25","guid":{"rendered":"https:\/\/alfonzoinstruments.com\/es\/?page_id=209"},"modified":"2020-03-29T20:19:10","modified_gmt":"2020-03-29T20:19:10","slug":"medicion-de-humedad","status":"publish","type":"page","link":"https:\/\/alfonzoinstruments.com\/es\/medicion-de-humedad\/","title":{"rendered":"Medici\u00f3n de H\u00famedad"},"content":{"rendered":"<p>\n<!--StartFragment--><\/p>\n\n\n<p>Los<strong>&nbsp;medidores de humedad<\/strong>&nbsp;de Testo (llamados tambi\u00e9n termohigr\u00f3metros o higr\u00f3metros) sirven para medir la humedad ambiental y en los materiales, de manera segura, r\u00e1pida y precisa.<\/p>\n\n\n\n<p><strong>Los higr\u00f3metros de Testo le ofrecen:<\/strong><\/p>\n\n\n\n<ul><li>Una gran selecci\u00f3n de diferentes instrumentos y sondas;<\/li><li>Resultados de medici\u00f3n r\u00e1pidos y precisos;<\/li><li>Acabado robusto con la fiable calidad de nuestra marca.<\/li><\/ul>\n\n\n\n<h4>Medir la humedad ambiental con el higr\u00f3metro<\/h4>\n\n\n\n<p>La humedad existente en una habitaci\u00f3n depende fundamentalmente de los siguientes factores:&nbsp;<\/p>\n\n\n\n<ul><li>Generaci\u00f3n de humedad en la habitaci\u00f3n;<\/li><li>Intercambio de aire con el exterior;<\/li><li>Capacidad de absorber humedad de las paredes e instalaciones;&nbsp;<\/li><li>Transporte de humedad a trav\u00e9s de los elementos exteriores.<\/li><\/ul>\n\n\n\n<h3>Nuestros medidores de humedad e higr\u00f3metros <\/h3>\n\n\n\n<div class=\"wp-block-image\"><figure class=\"alignleft size-large\"><img loading=\"lazy\" width=\"220\" height=\"220\" src=\"https:\/\/alfonzoinstruments.com\/es\/wp-content\/uploads\/2020\/03\/humedad-4.jpg\" alt=\"\" class=\"wp-image-32\" srcset=\"https:\/\/alfonzoinstruments.com\/es\/wp-content\/uploads\/2020\/03\/humedad-4.jpg 220w, https:\/\/alfonzoinstruments.com\/es\/wp-content\/uploads\/2020\/03\/humedad-4-150x150.jpg 150w\" sizes=\"(max-width: 220px) 100vw, 220px\" \/><\/figure><\/div>\n\n\n\n<div class=\"wp-block-image\"><figure class=\"alignleft size-large\"><img loading=\"lazy\" width=\"220\" height=\"220\" src=\"https:\/\/alfonzoinstruments.com\/es\/wp-content\/uploads\/2020\/03\/humedad-3.jpg\" alt=\"\" class=\"wp-image-31\" srcset=\"https:\/\/alfonzoinstruments.com\/es\/wp-content\/uploads\/2020\/03\/humedad-3.jpg 220w, https:\/\/alfonzoinstruments.com\/es\/wp-content\/uploads\/2020\/03\/humedad-3-150x150.jpg 150w\" sizes=\"(max-width: 220px) 100vw, 220px\" \/><\/figure><\/div>\n\n\n\n<div class=\"wp-block-image\"><figure class=\"alignleft size-large\"><img loading=\"lazy\" width=\"220\" height=\"220\" src=\"https:\/\/alfonzoinstruments.com\/es\/wp-content\/uploads\/2020\/03\/humedad-1.jpg\" alt=\"\" class=\"wp-image-29\" srcset=\"https:\/\/alfonzoinstruments.com\/es\/wp-content\/uploads\/2020\/03\/humedad-1.jpg 220w, https:\/\/alfonzoinstruments.com\/es\/wp-content\/uploads\/2020\/03\/humedad-1-150x150.jpg 150w\" sizes=\"(max-width: 220px) 100vw, 220px\" \/><\/figure><\/div>\n\n\n\n<div class=\"wp-block-image\"><figure class=\"alignleft size-large\"><img loading=\"lazy\" width=\"220\" height=\"220\" src=\"https:\/\/alfonzoinstruments.com\/es\/wp-content\/uploads\/2020\/03\/humedad-2.jpg\" alt=\"\" class=\"wp-image-30\" srcset=\"https:\/\/alfonzoinstruments.com\/es\/wp-content\/uploads\/2020\/03\/humedad-2.jpg 220w, https:\/\/alfonzoinstruments.com\/es\/wp-content\/uploads\/2020\/03\/humedad-2-150x150.jpg 150w\" sizes=\"(max-width: 220px) 100vw, 220px\" \/><\/figure><\/div>\n\n\n\n<hr>\n","protected":false},"excerpt":{"rendered":"<p>Los&nbsp;medidores de humedad&nbsp;de Testo (llamados tambi\u00e9n termohigr\u00f3metros o higr\u00f3metros) sirven para medir la humedad ambiental y en los materiales, de manera segura, r\u00e1pida y precisa. Los higr\u00f3metros de Testo le ofrecen: Una gran selecci\u00f3n de diferentes instrumentos y sondas; Resultados de medici\u00f3n r\u00e1pidos y precisos; Acabado robusto con la fiable&#8230;<\/p>\n<p class=\"continue-reading-button\"> <a class=\"continue-reading-link\" href=\"https:\/\/alfonzoinstruments.com\/es\/medicion-de-humedad\/\">Continue reading<i class=\"crycon-right-dir\"><\/i><\/a><\/p>\n","protected":false},"author":1,"featured_media":0,"parent":0,"menu_order":0,"comment_status":"closed","ping_status":"closed","template":"templates\/template-twocolumns-right.php","meta":[],"_links":{"self":[{"href":"https:\/\/alfonzoinstruments.com\/es\/wp-json\/wp\/v2\/pages\/209"}],"collection":[{"href":"https:\/\/alfonzoinstruments.com\/es\/wp-json\/wp\/v2\/pages"}],"about":[{"href":"https:\/\/alfonzoinstruments.com\/es\/wp-json\/wp\/v2\/types\/page"}],"author":[{"embeddable":true,"href":"https:\/\/alfonzoinstruments.com\/es\/wp-json\/wp\/v2\/users\/1"}],"replies":[{"embeddable":true,"href":"https:\/\/alfonzoinstruments.com\/es\/wp-json\/wp\/v2\/comments?post=209"}],"version-history":[{"count":2,"href":"https:\/\/alfonzoinstruments.com\/es\/wp-json\/wp\/v2\/pages\/209\/revisions"}],"predecessor-version":[{"id":218,"href":"https:\/\/alfonzoinstruments.com\/es\/wp-json\/wp\/v2\/pages\/209\/revisions\/218"}],"wp:attachment":[{"href":"https:\/\/alfonzoinstruments.com\/es\/wp-json\/wp\/v2\/media?parent=209"}],"curies":[{"name":"wp","href":"https:\/\/api.w.org\/{rel}","templated":true}]}}