{"id":200,"date":"2020-03-29T17:08:15","date_gmt":"2020-03-29T17:08:15","guid":{"rendered":"https:\/\/alfonzoinstruments.com\/es\/?page_id=200"},"modified":"2020-03-29T17:53:12","modified_gmt":"2020-03-29T17:53:12","slug":"medicion-electricos","status":"publish","type":"page","link":"https:\/\/alfonzoinstruments.com\/es\/medicion-electricos\/","title":{"rendered":"La nueva generaci\u00f3n de los par\u00e1metros de medici\u00f3n el\u00e9ctricos"},"content":{"rendered":"\n<p>Testo marca est\u00e1ndares nuevos en la tecnolog\u00eda de medici\u00f3n el\u00e9ctrica.<\/p>\n\n\n\n<p>Ya sea con mult\u00edmetros, pinzas amperim\u00e9tricas, detectores de corriente o tensi\u00f3n, gracias a la tecnolog\u00eda innovadora y la aplicaci\u00f3n simplificada, los instrumentos de medici\u00f3n de Testo miden los par\u00e1metros el\u00e9ctricos tales como corriente, tensi\u00f3n o resistencia de forma segura y precisa como nunca antes.<\/p>\n\n\n\n<p>Adem\u00e1s, obtenga m\u00e1s informaci\u00f3n sobre la asistencia t\u00e9cnica, la calibraci\u00f3n y los cursos de formaci\u00f3n. Para m\u00e1s rendimiento en la tecnolog\u00eda de medici\u00f3n el\u00e9ctrica.<\/p>\n\n\n\n<p><a rel=\"noreferrer noopener\" aria-label=\" (se abre en una nueva pesta\u00f1a)\" href=\"https:\/\/alfonzoinstruments.com\/Download\/EM-Brochure-ES.pdf\" target=\"_blank\">Folleto del producto \u00abTecnolog\u00eda de medici\u00f3n el\u00e9ctrica\u00bb<\/a><\/p>\n\n\n\n<hr>\n\n\n\n<h4> Mult\u00edmetro digital inteligente <\/h4>\n\n\n\n<div class=\"wp-block-image\"><figure class=\"alignleft size-large\"><img loading=\"lazy\" width=\"220\" height=\"220\" src=\"https:\/\/alfonzoinstruments.com\/es\/wp-content\/uploads\/2020\/03\/electricidad-4.jpg\" alt=\"Ir a los mult\u00edmetros\" class=\"wp-image-26\" srcset=\"https:\/\/alfonzoinstruments.com\/es\/wp-content\/uploads\/2020\/03\/electricidad-4.jpg 220w, https:\/\/alfonzoinstruments.com\/es\/wp-content\/uploads\/2020\/03\/electricidad-4-150x150.jpg 150w\" sizes=\"(max-width: 220px) 100vw, 220px\" \/><figcaption>Ir a los mult\u00edmetros<\/figcaption><\/figure><\/div>\n\n\n\n<p>\u00a1Los mult\u00edmetros digitales de Testo funcionan sin mando giratorio y evitan ajustes err\u00f3neos! No importa si se mide la tensi\u00f3n o una corriente de ionizaci\u00f3n, m\u00e1s seguridad imposible.<\/p>\n\n\n\n<ul><li>Detecci\u00f3n y selecci\u00f3n autom\u00e1tica de los par\u00e1metros de medici\u00f3n a trav\u00e9s de la asignaci\u00f3n de conectores<\/li><li>F\u00e1cil manejo gracias a las teclas de funci\u00f3n y gran pantalla luminosa<\/li><li>Con medici\u00f3n del verdadero valor eficaz TRMS<\/li><\/ul>\n\n\n\n<hr>\n\n\n\n<h4> Pinzas amperim\u00e9tricas innovadoras <\/h4>\n\n\n\n<div class=\"wp-block-image\"><figure class=\"alignright size-large\"><img loading=\"lazy\" width=\"220\" height=\"220\" src=\"https:\/\/alfonzoinstruments.com\/es\/wp-content\/uploads\/2020\/03\/electricidad-3.jpg\" alt=\"Ir a las pinzas amperim\u00e9tricas\" class=\"wp-image-25\" srcset=\"https:\/\/alfonzoinstruments.com\/es\/wp-content\/uploads\/2020\/03\/electricidad-3.jpg 220w, https:\/\/alfonzoinstruments.com\/es\/wp-content\/uploads\/2020\/03\/electricidad-3-150x150.jpg 150w\" sizes=\"(max-width: 220px) 100vw, 220px\" \/><figcaption>Ir a las pinzas amperim\u00e9tricas<\/figcaption><\/figure><\/div>\n\n\n\n<p>\u00bfLe hacen falta las pinzas amperim\u00e9tricas ideales para la medici\u00f3n sin contacto de la corriente, tensi\u00f3n y otros par\u00e1metros el\u00e9ctricos en armarios de distribuci\u00f3n estrechos? Nosotros las tenemos.<\/p>\n\n\n\n<ul><li>Mecanismo de agarre innovador para sujetar cables sueltos sin problemas<\/li><li>Con funciones adicionales para la corriente de arranque, el rendimiento y la medici\u00f3n en el rango de \u00b5A<\/li><li>Comunicaci\u00f3n por Bluetooth con la App testo Smart Probes<\/li><\/ul>\n\n\n\n<hr>\n\n\n\n<h4> Detector de tensi\u00f3n que mide la corriente <\/h4>\n\n\n\n<div class=\"wp-block-image\"><figure class=\"alignleft size-large\"><img loading=\"lazy\" width=\"220\" height=\"220\" src=\"https:\/\/alfonzoinstruments.com\/es\/wp-content\/uploads\/2020\/03\/electricidad-2.jpg\" alt=\"Ir a los detectores de tensi\u00f3n y corriente\" class=\"wp-image-24\" srcset=\"https:\/\/alfonzoinstruments.com\/es\/wp-content\/uploads\/2020\/03\/electricidad-2.jpg 220w, https:\/\/alfonzoinstruments.com\/es\/wp-content\/uploads\/2020\/03\/electricidad-2-150x150.jpg 150w\" sizes=\"(max-width: 220px) 100vw, 220px\" \/><figcaption>Ir a los detectores de tensi\u00f3n y corriente<\/figcaption><\/figure><\/div>\n\n\n\n<p>Los primeros detectores de tensi\u00f3n que tambi\u00e9n miden corriente conformes a la norma DIN EN 61243-3:2010. Ideales para casi todas las tareas de medici\u00f3n con respecto a la revisi\u00f3n de corriente y tensi\u00f3n.<\/p>\n\n\n\n<ul><li>Indicador de tensi\u00f3n seguro, incluso con las pilas vac\u00edas<\/li><li>Medici\u00f3n inmediata sin conexi\u00f3n ni selecci\u00f3n<\/li><li>Puntas de la sonda intercambiables<\/li><\/ul>\n\n\n\n<hr>\n\n\n\n<h4> Detector de tensi\u00f3n con pantalla de 360\u00b0 <\/h4>\n\n\n\n<div class=\"wp-block-image\"><figure class=\"alignright size-large\"><img loading=\"lazy\" width=\"220\" height=\"220\" src=\"https:\/\/alfonzoinstruments.com\/es\/wp-content\/uploads\/2020\/03\/electricidad-1.jpg\" alt=\"Ir a los detectores de tensi\u00f3n\" class=\"wp-image-23\" srcset=\"https:\/\/alfonzoinstruments.com\/es\/wp-content\/uploads\/2020\/03\/electricidad-1.jpg 220w, https:\/\/alfonzoinstruments.com\/es\/wp-content\/uploads\/2020\/03\/electricidad-1-150x150.jpg 150w\" sizes=\"(max-width: 220px) 100vw, 220px\" \/><figcaption>Ir a los detectores de tensi\u00f3n<\/figcaption><\/figure><\/div>\n\n\n\n<p>Solo Testo tiene detectores de tensi\u00f3n con pantalla completa. Gracias a la t\u00e9cnica de luz \u00fanica, los valores medidos pueden verse claramente desde cualquier posici\u00f3n. As\u00ed se comprueba la tensi\u00f3n de forma segura.<\/p>\n\n\n\n<ul><li>Certificado de conformidad para detectores de tensi\u00f3n conforme a DIN-EN 61243-3:2010<\/li><li>Anillo antideslizante para un agarre seguro durante la comprobaci\u00f3n<\/li><li>Especificaciones de seguridad de conformidad con CAT III<\/li><\/ul>\n\n\n\n<hr>\n\n\n\n<h4> Detector de tensi\u00f3n sin contacto <\/h4>\n\n\n\n<div class=\"wp-block-image\"><figure class=\"alignleft size-large\"><img loading=\"lazy\" width=\"220\" height=\"220\" src=\"https:\/\/alfonzoinstruments.com\/es\/wp-content\/uploads\/2020\/03\/electricidad-5.jpg\" alt=\"Ir al testo 745\" class=\"wp-image-27\" srcset=\"https:\/\/alfonzoinstruments.com\/es\/wp-content\/uploads\/2020\/03\/electricidad-5.jpg 220w, https:\/\/alfonzoinstruments.com\/es\/wp-content\/uploads\/2020\/03\/electricidad-5-150x150.jpg 150w\" sizes=\"(max-width: 220px) 100vw, 220px\" \/><figcaption>Ir al testo 745<\/figcaption><\/figure><\/div>\n\n\n\n<p>El detector de tensi\u00f3n sin contacto es ideal para la primera revisi\u00f3n de un posible error. \u00a1Imprescindible para el trabajo en instalaciones el\u00e9ctricas!<\/p>\n\n\n\n<ul><li>Rango de tensi\u00f3n de hasta 1000 V<\/li><li>Filtro para se\u00f1ales de interferencia de alta frecuencia<\/li><li>Configurable para la identificaci\u00f3n de fases o la indicaci\u00f3n de tensi\u00f3n<\/li><\/ul>\n","protected":false},"excerpt":{"rendered":"<p>Testo marca est\u00e1ndares nuevos en la tecnolog\u00eda de medici\u00f3n el\u00e9ctrica. Ya sea con mult\u00edmetros, pinzas amperim\u00e9tricas, detectores de corriente o tensi\u00f3n, gracias a la tecnolog\u00eda innovadora y la aplicaci\u00f3n simplificada, los instrumentos de medici\u00f3n de Testo miden los par\u00e1metros el\u00e9ctricos tales como corriente, tensi\u00f3n o resistencia de forma segura y&#8230;<\/p>\n<p class=\"continue-reading-button\"> <a class=\"continue-reading-link\" href=\"https:\/\/alfonzoinstruments.com\/es\/medicion-electricos\/\">Continue reading<i class=\"crycon-right-dir\"><\/i><\/a><\/p>\n","protected":false},"author":1,"featured_media":0,"parent":0,"menu_order":0,"comment_status":"closed","ping_status":"closed","template":"templates\/template-twocolumns-right.php","meta":[],"_links":{"self":[{"href":"https:\/\/alfonzoinstruments.com\/es\/wp-json\/wp\/v2\/pages\/200"}],"collection":[{"href":"https:\/\/alfonzoinstruments.com\/es\/wp-json\/wp\/v2\/pages"}],"about":[{"href":"https:\/\/alfonzoinstruments.com\/es\/wp-json\/wp\/v2\/types\/page"}],"author":[{"embeddable":true,"href":"https:\/\/alfonzoinstruments.com\/es\/wp-json\/wp\/v2\/users\/1"}],"replies":[{"embeddable":true,"href":"https:\/\/alfonzoinstruments.com\/es\/wp-json\/wp\/v2\/comments?post=200"}],"version-history":[{"count":2,"href":"https:\/\/alfonzoinstruments.com\/es\/wp-json\/wp\/v2\/pages\/200\/revisions"}],"predecessor-version":[{"id":204,"href":"https:\/\/alfonzoinstruments.com\/es\/wp-json\/wp\/v2\/pages\/200\/revisions\/204"}],"wp:attachment":[{"href":"https:\/\/alfonzoinstruments.com\/es\/wp-json\/wp\/v2\/media?parent=200"}],"curies":[{"name":"wp","href":"https:\/\/api.w.org\/{rel}","templated":true}]}}