{"id":173,"date":"2020-03-29T13:30:02","date_gmt":"2020-03-29T13:30:02","guid":{"rendered":"https:\/\/alfonzoinstruments.com\/es\/?page_id=173"},"modified":"2020-03-29T15:21:53","modified_gmt":"2020-03-29T15:21:53","slug":"registradores-de-datos","status":"publish","type":"page","link":"https:\/\/alfonzoinstruments.com\/es\/registradores-de-datos\/","title":{"rendered":"Qu\u00e9 hay detr\u00e1s del registrador de datos?"},"content":{"rendered":"\n<p>Tanto en la industria como en los edificios p\u00fablicos o en las zonas de uso privado puede ser necesario medir algunos valores del aire ambiental. Adem\u00e1s de la temperatura y la humedad ambiental, tambi\u00e9n hay otros valores, como el de CO\u2082, que sirven de indicadores de la calidad del aire ambiental. Para poder conseguir condiciones ambientales de confort, necesitar\u00e1 conocer peri\u00f3dicamente c\u00f3mo evolucionan dichos valores. Ah\u00ed es donde entra en juego el registrador de datos.<\/p>\n\n\n\n<p>Adem\u00e1s, hay&nbsp;<strong>registradores de datos<\/strong>&nbsp;que permiten verificar las condiciones \u00f3ptimas para determinados productos. En particular, los registradores de datos de temperatura se utilizan muy habitualmente. Para disfrutar de un manejo especialmente sencillo, puede utilizarse un registrador de datos USB. No obstante, a\u00fan hay m\u00e1s soluciones pr\u00e1cticas.<\/p>\n\n\n\n<p>Si desea comprar uno o m\u00e1s registradores de datos, deber\u00e1 tener en cuenta distintos factores a la hora de realizar la elecci\u00f3n:<\/p>\n\n\n\n<ul><li>\u00bfQu\u00e9 valores pueden medirse con el instrumento?&nbsp;<\/li><li>\u00bfCu\u00e1l es la exactitud de los valores medidos?<\/li><li>\u00bfEs posible repetir las mediciones?<\/li><li>\u00bfCu\u00e1nto dura la bater\u00eda?&nbsp;<\/li><li>\u00bfExisten otros costes derivados del uso del instrumento?<\/li><li>\u00bfQu\u00e9 software utiliza el instrumento?<\/li><\/ul>\n\n\n\n<div class=\"wp-block-image\"><figure class=\"alignleft size-large is-resized\"><img loading=\"lazy\" src=\"https:\/\/alfonzoinstruments.com\/es\/wp-content\/uploads\/2020\/03\/data-loggers-2.jpg\" alt=\" Registrador de datos WiFi \" class=\"wp-image-12\" width=\"220\" height=\"246\"\/><figcaption> Registrador de datos WiFi <\/figcaption><\/figure><\/div>\n\n\n\n<div class=\"wp-block-image\"><figure class=\"alignleft size-large is-resized\"><img loading=\"lazy\" src=\"https:\/\/alfonzoinstruments.com\/es\/wp-content\/uploads\/2020\/03\/data-loggers-3.jpg\" alt=\"Registradores de datos USB \" class=\"wp-image-13\" width=\"220\" height=\"246\"\/><figcaption> Registradores de datos USB <\/figcaption><\/figure><\/div>\n\n\n\n<div class=\"wp-block-image\"><figure class=\"alignleft size-large is-resized\"><img loading=\"lazy\" src=\"https:\/\/alfonzoinstruments.com\/es\/wp-content\/uploads\/2020\/03\/data-loggers-4.jpg\" alt=\"Registrador de temperatura\" class=\"wp-image-14\" width=\"220\" height=\"246\"\/><figcaption> Registrador de temperatura <\/figcaption><\/figure><\/div>\n\n\n\n<div class=\"wp-block-image\"><figure class=\"alignleft size-large is-resized\"><img loading=\"lazy\" src=\"https:\/\/alfonzoinstruments.com\/es\/wp-content\/uploads\/2020\/03\/data-loggers-5.jpg\" alt=\"Registrador de humedad\" class=\"wp-image-15\" width=\"220\" height=\"246\"\/><figcaption> Registrador de humedad <\/figcaption><\/figure><\/div>\n\n\n\n<div class=\"wp-block-image\"><figure class=\"alignleft size-large is-resized\"><img loading=\"lazy\" src=\"https:\/\/alfonzoinstruments.com\/es\/wp-content\/uploads\/2020\/03\/data-loggers-6.jpg\" alt=\"Registrador de presi\u00f3n\" class=\"wp-image-16\" width=\"220\" height=\"246\"\/><figcaption> Registrador de presi\u00f3n <\/figcaption><\/figure><\/div>\n\n\n\n<div class=\"wp-block-image\"><figure class=\"alignleft size-large is-resized\"><img loading=\"lazy\" src=\"https:\/\/alfonzoinstruments.com\/es\/wp-content\/uploads\/2020\/03\/data-loggers-7.jpg\" alt=\"Registrador de CO\u2082\" class=\"wp-image-17\" width=\"220\" height=\"246\"\/><figcaption> Registrador de CO\u2082 <\/figcaption><\/figure><\/div>\n\n\n\n<div class=\"wp-block-image\"><figure class=\"alignleft size-large is-resized\"><img loading=\"lazy\" src=\"https:\/\/alfonzoinstruments.com\/es\/wp-content\/uploads\/2020\/03\/data-loggers-8.jpg\" alt=\"Registrador de UV\" class=\"wp-image-18\" width=\"220\" height=\"246\"\/><figcaption> Registrador de UV <\/figcaption><\/figure><\/div>\n\n\n\n<div class=\"wp-block-image\"><figure class=\"alignleft size-large is-resized\"><img loading=\"lazy\" src=\"https:\/\/alfonzoinstruments.com\/es\/wp-content\/uploads\/2020\/03\/data-loggers-9.jpg\" alt=\"Registrador de vibraci\u00f3n\" class=\"wp-image-19\" width=\"220\" height=\"246\"\/><figcaption> Registrador de vibraci\u00f3n <\/figcaption><\/figure><\/div>\n\n\n\n<div class=\"wp-block-image\"><figure class=\"alignleft size-medium is-resized\"><a href=\"https:\/\/alfonzoinstruments.com\/Download\/quick-win-datalogger-brochure-ES.pdf\" target=\"_blank\" rel=\"noreferrer noopener\"><img loading=\"lazy\" src=\"https:\/\/alfonzoinstruments.com\/es\/wp-content\/uploads\/2020\/03\/data-loggers-10-277x300.jpg\" alt=\"Folleto\" class=\"wp-image-194\" width=\"220\" height=\"220\"\/><\/a><figcaption>Descarcar Folleto<\/figcaption><\/figure><\/div>\n","protected":false},"excerpt":{"rendered":"<p>Tanto en la industria como en los edificios p\u00fablicos o en las zonas de uso privado puede ser necesario medir algunos valores del aire ambiental. Adem\u00e1s de la temperatura y la humedad ambiental, tambi\u00e9n hay otros valores, como el de CO\u2082, que sirven de indicadores de la calidad del aire&#8230;<\/p>\n<p class=\"continue-reading-button\"> <a class=\"continue-reading-link\" href=\"https:\/\/alfonzoinstruments.com\/es\/registradores-de-datos\/\">Continue reading<i class=\"crycon-right-dir\"><\/i><\/a><\/p>\n","protected":false},"author":1,"featured_media":0,"parent":0,"menu_order":0,"comment_status":"closed","ping_status":"closed","template":"templates\/template-twocolumns-right.php","meta":[],"_links":{"self":[{"href":"https:\/\/alfonzoinstruments.com\/es\/wp-json\/wp\/v2\/pages\/173"}],"collection":[{"href":"https:\/\/alfonzoinstruments.com\/es\/wp-json\/wp\/v2\/pages"}],"about":[{"href":"https:\/\/alfonzoinstruments.com\/es\/wp-json\/wp\/v2\/types\/page"}],"author":[{"embeddable":true,"href":"https:\/\/alfonzoinstruments.com\/es\/wp-json\/wp\/v2\/users\/1"}],"replies":[{"embeddable":true,"href":"https:\/\/alfonzoinstruments.com\/es\/wp-json\/wp\/v2\/comments?post=173"}],"version-history":[{"count":10,"href":"https:\/\/alfonzoinstruments.com\/es\/wp-json\/wp\/v2\/pages\/173\/revisions"}],"predecessor-version":[{"id":201,"href":"https:\/\/alfonzoinstruments.com\/es\/wp-json\/wp\/v2\/pages\/173\/revisions\/201"}],"wp:attachment":[{"href":"https:\/\/alfonzoinstruments.com\/es\/wp-json\/wp\/v2\/media?parent=173"}],"curies":[{"name":"wp","href":"https:\/\/api.w.org\/{rel}","templated":true}]}}