{"id":160,"date":"2020-03-28T22:32:30","date_gmt":"2020-03-28T22:32:30","guid":{"rendered":"https:\/\/alfonzoinstruments.com\/es\/?page_id=160"},"modified":"2020-03-28T22:58:51","modified_gmt":"2020-03-28T22:58:51","slug":"medidor-confort-termico","status":"publish","type":"page","link":"https:\/\/alfonzoinstruments.com\/es\/medidor-confort-termico\/","title":{"rendered":"La medici\u00f3n peri\u00f3dica de la calidad del aire y niveles de confort"},"content":{"rendered":"\n<p>La medici\u00f3n peri\u00f3dica de la calidad del aire interior y de los niveles de confort en los lugares de trabajo permite el ajuste exacto de la climatizaci\u00f3n y reduce el riesgo de bajas por enfermedad. Por tanto, la medici\u00f3n de la calidad del aire interior y del nivel de confort sirve para mejorar el rendimiento de los empleados.<\/p>\n\n\n\n<ul><li>El contenido de CO\u2082 del \u00e1rea se utiliza como una medida de la calidad del aire.<\/li><li>El nivel de confort tambi\u00e9n depende de las condiciones de iluminaci\u00f3n predominantes en la zona. As\u00ed pues, monitorizar estas condiciones de iluminaci\u00f3n y medir el nivel de lux es una parte importante de la medici\u00f3n del nivel de confort en el puesto de trabajo.<\/li><li>Casi todos hemos sufrido alguna vez ruidos de fondo que llegan a impedir que nos podamos concentrar en algo. Si en el trabajo el ruido es elevado, la eficiencia de los empleados se reduce, tanto si la contaminaci\u00f3n ac\u00fastica est\u00e1 provocada por m\u00e1quinas como por otras personas. El an\u00e1lisis de la contaminaci\u00f3n ac\u00fastica es una parte importante de la medici\u00f3n del nivel de confort para lograr un ambiente de trabajo productivo.<\/li><li>Los contadores de velocidad mec\u00e1nicos y \u00f3pticos y los estroboscopios tienen muchas aplicaciones. Adem\u00e1s de la medici\u00f3n de las revoluciones por minuto (rpm) de objetos rotatorios, la velocidad o longitud de las cintas transportadoras y las mercanc\u00edas que se venden por metros tambi\u00e9n pueden medirse por contacto a trav\u00e9s de una rueda de medici\u00f3n. Tambi\u00e9n existe la posibilidad de determinar las revoluciones por minuto de los objetos rotatorios sin contacto con una marca reflejante y un haz de luz emitido por el instrumento.<\/li><\/ul>\n\n\n\n<div class=\"wp-block-image\"><figure class=\"alignleft size-large is-resized\"><img loading=\"lazy\" src=\"https:\/\/alfonzoinstruments.com\/es\/wp-content\/uploads\/2020\/03\/medicion-4.jpg\" alt=\"Instrumentos de CO\u2082 \" class=\"wp-image-47\" width=\"220\" height=\"246\"\/><figcaption> Instrumentos de CO\u2082 <\/figcaption><\/figure><\/div>\n\n\n\n<div class=\"wp-block-image\"><figure class=\"alignleft size-large is-resized\"><img loading=\"lazy\" src=\"https:\/\/alfonzoinstruments.com\/es\/wp-content\/uploads\/2020\/03\/medicion-3.jpg\" alt=\"Instrumentos de CO\" class=\"wp-image-46\" width=\"220\" height=\"246\"\/><figcaption> Instrumentos de CO <\/figcaption><\/figure><\/div>\n\n\n\n<div class=\"wp-block-image\"><figure class=\"alignleft size-large is-resized\"><img loading=\"lazy\" src=\"https:\/\/alfonzoinstruments.com\/es\/wp-content\/uploads\/2020\/03\/medicion-2.jpg\" alt=\"Lux\u00f3metros\" class=\"wp-image-45\" width=\"220\" height=\"246\"\/><figcaption> Lux\u00f3metros <\/figcaption><\/figure><\/div>\n\n\n\n<div class=\"wp-block-image\"><figure class=\"alignleft size-large is-resized\"><img loading=\"lazy\" src=\"https:\/\/alfonzoinstruments.com\/es\/wp-content\/uploads\/2020\/03\/medicion-1.jpg\" alt=\"\" class=\"wp-image-44\" width=\"220\" height=\"220\"\/><figcaption> Medidores de ruido <\/figcaption><\/figure><\/div>\n\n\n\n<div class=\"wp-block-image\"><figure class=\"alignleft size-large is-resized\"><img src=\"https:\/\/alfonzoinstruments.com\/es\/wp-content\/uploads\/2020\/03\/medicion-5.jpg\" alt=\"Tac\u00f3metros\" class=\"wp-image-165\" width=\"220\" srcset=\"https:\/\/alfonzoinstruments.com\/es\/wp-content\/uploads\/2020\/03\/medicion-5.jpg 303w, https:\/\/alfonzoinstruments.com\/es\/wp-content\/uploads\/2020\/03\/medicion-5-277x300.jpg 277w, https:\/\/alfonzoinstruments.com\/es\/wp-content\/uploads\/2020\/03\/medicion-5-139x150.jpg 139w\" sizes=\"(max-width: 303px) 100vw, 303px\" \/><figcaption> Tac\u00f3metros <\/figcaption><\/figure><\/div>\n\n\n\n<div class=\"wp-block-image\"><figure class=\"alignleft size-large is-resized\"><img loading=\"lazy\" src=\"https:\/\/alfonzoinstruments.com\/es\/wp-content\/uploads\/2020\/03\/medicion-6.jpg\" alt=\"\" class=\"wp-image-166\" width=\"220\" height=\"220\"\/><figcaption> Medidor para climatizaci\u00f3n <\/figcaption><\/figure><\/div>\n","protected":false},"excerpt":{"rendered":"<p>La medici\u00f3n peri\u00f3dica de la calidad del aire interior y de los niveles de confort en los lugares de trabajo permite el ajuste exacto de la climatizaci\u00f3n y reduce el riesgo de bajas por enfermedad. Por tanto, la medici\u00f3n de la calidad del aire interior y del nivel de confort&#8230;<\/p>\n<p class=\"continue-reading-button\"> <a class=\"continue-reading-link\" href=\"https:\/\/alfonzoinstruments.com\/es\/medidor-confort-termico\/\">Continue reading<i class=\"crycon-right-dir\"><\/i><\/a><\/p>\n","protected":false},"author":1,"featured_media":0,"parent":0,"menu_order":0,"comment_status":"closed","ping_status":"closed","template":"templates\/template-twocolumns-right.php","meta":[],"_links":{"self":[{"href":"https:\/\/alfonzoinstruments.com\/es\/wp-json\/wp\/v2\/pages\/160"}],"collection":[{"href":"https:\/\/alfonzoinstruments.com\/es\/wp-json\/wp\/v2\/pages"}],"about":[{"href":"https:\/\/alfonzoinstruments.com\/es\/wp-json\/wp\/v2\/types\/page"}],"author":[{"embeddable":true,"href":"https:\/\/alfonzoinstruments.com\/es\/wp-json\/wp\/v2\/users\/1"}],"replies":[{"embeddable":true,"href":"https:\/\/alfonzoinstruments.com\/es\/wp-json\/wp\/v2\/comments?post=160"}],"version-history":[{"count":8,"href":"https:\/\/alfonzoinstruments.com\/es\/wp-json\/wp\/v2\/pages\/160\/revisions"}],"predecessor-version":[{"id":172,"href":"https:\/\/alfonzoinstruments.com\/es\/wp-json\/wp\/v2\/pages\/160\/revisions\/172"}],"wp:attachment":[{"href":"https:\/\/alfonzoinstruments.com\/es\/wp-json\/wp\/v2\/media?parent=160"}],"curies":[{"name":"wp","href":"https:\/\/api.w.org\/{rel}","templated":true}]}}