{"id":100,"date":"2020-03-28T12:04:22","date_gmt":"2020-03-28T12:04:22","guid":{"rendered":"https:\/\/alfonzoinstruments.com\/es\/?page_id=100"},"modified":"2020-04-02T18:54:14","modified_gmt":"2020-04-02T18:54:14","slug":"instrumentos-de-medicion","status":"publish","type":"page","link":"https:\/\/alfonzoinstruments.com\/es\/instrumentos-de-medicion\/","title":{"rendered":"Instrumentos de medici\u00f3n"},"content":{"rendered":"\n<h4 class=\"has-text-align-center\">El lider en innovaci\u00f3n y tecnolog\u00eda de medici\u00f3n de \u00faltima generaci\u00f3n<\/h4>\n\n\n\n<p><\/p>\n\n\n\n<p>\u00bfBusca la mejor tecnolog\u00eda de medici\u00f3n para su sector? Tenemos los instrumentos de medici\u00f3n ideales para el uso diaro en todos los sectores industriales y comerciales.&nbsp;<strong>Tecnolog\u00eda de \u00faltima generaci\u00f3n. R\u00e1pida. Fiable.<\/strong><\/p>\n\n\n\n<p>Abrimos nuevos caminos a nuestros clientes con la tecnolog\u00eda de medici\u00f3n m\u00e1s avanzada. En todo el mundo.<\/p>\n\n\n\n<p>Tecnolog\u00eda para la medici\u00f3n en sistemas de calefacci\u00f3n, ventilaci\u00f3n, aire acondicionado y refrigeraci\u00f3n, o tecnolog\u00eda de medici\u00f3n para el respeto del medio ambiente, o instrumentos de medici\u00f3n para el sector alimentario o de la salud &#8211; Les ofrecemos el instrumento id\u00f3neo o el sistema m\u00e1s completo para cualquier tipo de medici\u00f3n.<\/p>\n\n\n\n<div class=\"wp-block-image is-style-default\"><figure class=\"alignleft size-large\"><img loading=\"lazy\" width=\"150\" height=\"150\" src=\"https:\/\/alfonzoinstruments.com\/es\/wp-content\/uploads\/2020\/03\/productos-1.jpg\" alt=\"Temperatura\" class=\"wp-image-57\"\/><figcaption>Temperatura<\/figcaption><\/figure><\/div>\n\n\n\n<div class=\"wp-block-image\"><figure class=\"alignleft size-large\"><img loading=\"lazy\" width=\"150\" height=\"150\" src=\"https:\/\/alfonzoinstruments.com\/es\/wp-content\/uploads\/2020\/03\/productos-2.jpg\" alt=\"H\u00famedad\" class=\"wp-image-58\"\/><figcaption>H\u00famedad<\/figcaption><\/figure><\/div>\n\n\n\n<div class=\"wp-block-image\"><figure class=\"alignleft size-large\"><img loading=\"lazy\" width=\"150\" height=\"150\" src=\"https:\/\/alfonzoinstruments.com\/es\/wp-content\/uploads\/2020\/03\/productos-3.jpg\" alt=\"Presi\u00f3n\" class=\"wp-image-59\"\/><figcaption>Presi\u00f3n<\/figcaption><\/figure><\/div>\n\n\n\n<div class=\"wp-block-image\"><figure class=\"alignleft size-large\"><img loading=\"lazy\" width=\"150\" height=\"150\" src=\"https:\/\/alfonzoinstruments.com\/es\/wp-content\/uploads\/2020\/03\/productos-4.jpg\" alt=\"Emisiones\" class=\"wp-image-60\"\/><figcaption>Emisiones<\/figcaption><\/figure><\/div>\n\n\n\n<div class=\"wp-block-image\"><figure class=\"alignleft size-large\"><img loading=\"lazy\" width=\"150\" height=\"150\" src=\"https:\/\/alfonzoinstruments.com\/es\/wp-content\/uploads\/2020\/03\/productos-5.jpg\" alt=\"Caudal\" class=\"wp-image-61\"\/><figcaption>Caudal<\/figcaption><\/figure><\/div>\n\n\n\n<div class=\"wp-block-image\"><figure class=\"alignleft size-large\"><img loading=\"lazy\" width=\"150\" height=\"150\" src=\"https:\/\/alfonzoinstruments.com\/es\/wp-content\/uploads\/2020\/03\/productos-6.jpg\" alt=\"CO\u2082, CO, luz, sonido, tac\u00f3metro\" class=\"wp-image-62\"\/><figcaption>CO\u2082, CO, luz, sonido, tac\u00f3metro<\/figcaption><\/figure><\/div>\n\n\n\n<div class=\"wp-block-image\"><figure class=\"alignleft size-large\"><img loading=\"lazy\" width=\"150\" height=\"150\" src=\"https:\/\/alfonzoinstruments.com\/es\/wp-content\/uploads\/2020\/03\/productos-7.jpg\" alt=\"Medidores electricidad\" class=\"wp-image-63\"\/><figcaption>Medidores electricidad<\/figcaption><\/figure><\/div>\n\n\n\n<div class=\"wp-block-image\"><figure class=\"alignleft size-large\"><img loading=\"lazy\" width=\"150\" height=\"150\" src=\"https:\/\/alfonzoinstruments.com\/es\/wp-content\/uploads\/2020\/03\/productos-8.jpg\" alt=\"Data Loggers \/ Sistemas de Monitorizaci\u00f3n\" class=\"wp-image-64\"\/><figcaption>DataLoggers \/ Sistemas de Monitorizaci\u00f3n<\/figcaption><\/figure><\/div>\n\n\n\n<div class=\"wp-block-image\"><figure class=\"alignleft size-large\"><img loading=\"lazy\" width=\"150\" height=\"150\" src=\"https:\/\/alfonzoinstruments.com\/es\/wp-content\/uploads\/2020\/03\/productos-9.jpg\" alt=\"C\u00e1maras Termogr\u00e1ficas\" class=\"wp-image-107\"\/><figcaption>C\u00e1maras Termogr\u00e1ficas<\/figcaption><\/figure><\/div>\n","protected":false},"excerpt":{"rendered":"<p>El lider en innovaci\u00f3n y tecnolog\u00eda de medici\u00f3n de \u00faltima generaci\u00f3n \u00bfBusca la mejor tecnolog\u00eda de medici\u00f3n para su sector? Tenemos los instrumentos de medici\u00f3n ideales para el uso diaro en todos los sectores industriales y comerciales.&nbsp;Tecnolog\u00eda de \u00faltima generaci\u00f3n. R\u00e1pida. Fiable. Abrimos nuevos caminos a nuestros clientes con la&#8230;<\/p>\n<p class=\"continue-reading-button\"> <a class=\"continue-reading-link\" href=\"https:\/\/alfonzoinstruments.com\/es\/instrumentos-de-medicion\/\">Continue reading<i class=\"crycon-right-dir\"><\/i><\/a><\/p>\n","protected":false},"author":1,"featured_media":0,"parent":0,"menu_order":0,"comment_status":"closed","ping_status":"closed","template":"templates\/template-twocolumns-right.php","meta":[],"_links":{"self":[{"href":"https:\/\/alfonzoinstruments.com\/es\/wp-json\/wp\/v2\/pages\/100"}],"collection":[{"href":"https:\/\/alfonzoinstruments.com\/es\/wp-json\/wp\/v2\/pages"}],"about":[{"href":"https:\/\/alfonzoinstruments.com\/es\/wp-json\/wp\/v2\/types\/page"}],"author":[{"embeddable":true,"href":"https:\/\/alfonzoinstruments.com\/es\/wp-json\/wp\/v2\/users\/1"}],"replies":[{"embeddable":true,"href":"https:\/\/alfonzoinstruments.com\/es\/wp-json\/wp\/v2\/comments?post=100"}],"version-history":[{"count":9,"href":"https:\/\/alfonzoinstruments.com\/es\/wp-json\/wp\/v2\/pages\/100\/revisions"}],"predecessor-version":[{"id":250,"href":"https:\/\/alfonzoinstruments.com\/es\/wp-json\/wp\/v2\/pages\/100\/revisions\/250"}],"wp:attachment":[{"href":"https:\/\/alfonzoinstruments.com\/es\/wp-json\/wp\/v2\/media?parent=100"}],"curies":[{"name":"wp","href":"https:\/\/api.w.org\/{rel}","templated":true}]}}