{"id":152,"date":"2020-03-29T19:10:11","date_gmt":"2020-03-29T19:10:11","guid":{"rendered":"https:\/\/alfonzoinstruments.com\/en\/?page_id=152"},"modified":"2020-03-30T19:22:13","modified_gmt":"2020-03-30T19:22:13","slug":"moisture-meter","status":"publish","type":"page","link":"https:\/\/alfonzoinstruments.com\/en\/moisture-meter\/","title":{"rendered":"Your moisture meter"},"content":{"rendered":"\n<p>Los<strong>&nbsp;medidores de humedad<\/strong>&nbsp;de Testo (llamados tambi\u00e9n termohigr\u00f3metros o higr\u00f3metros) sirven para medir la humedad ambiental y en los materiales, de manera segura, r\u00e1pida y precisa.<\/p>\n\n\n\n<p>A Testo&nbsp;<strong>moisture meter<\/strong>&nbsp;(also called a thermohygrometer, hygrometer or humidity meter) measures humidity and material moisture reliably, quickly and precisely.<\/p>\n\n\n\n<p><strong>Testo moisture meters offer you the following<\/strong><\/p>\n\n\n\n<ul><li>Large selection of different measuring instruments and probes<\/li><li>Fast, accurate measurement results<\/li><li>Robust construction with reliable brand quality<\/li><\/ul>\n\n\n\n<h4>Measure humidity with a hygrometer<\/h4>\n\n\n\n<p>The humidity that occurs in a room essentially depends on the following factors:&nbsp;<\/p>\n\n\n\n<ul><li>Production of humidity in the room&nbsp;<\/li><li>Air exchange with the outside air<\/li><li>Ability of walls and installations to absorb humidity<\/li><li>Transport of humidity by external building components<\/li><\/ul>\n\n\n\n<h3> Our moisture meters and hygrometers  <\/h3>\n\n\n\n<div class=\"wp-block-image\"><figure class=\"alignleft size-large\"><img loading=\"lazy\" width=\"220\" height=\"220\" src=\"https:\/\/alfonzoinstruments.com\/en\/wp-content\/uploads\/2020\/03\/humedad-4.jpg\" alt=\"  Air humidity meters \" class=\"wp-image-25\" srcset=\"https:\/\/alfonzoinstruments.com\/en\/wp-content\/uploads\/2020\/03\/humedad-4.jpg 220w, https:\/\/alfonzoinstruments.com\/en\/wp-content\/uploads\/2020\/03\/humedad-4-150x150.jpg 150w\" sizes=\"(max-width: 220px) 100vw, 220px\" \/><figcaption>  Air humidity meters <\/figcaption><\/figure><\/div>\n\n\n\n<div class=\"wp-block-image\"><figure class=\"alignleft size-large\"><img loading=\"lazy\" width=\"220\" height=\"220\" src=\"https:\/\/alfonzoinstruments.com\/en\/wp-content\/uploads\/2020\/03\/humedad-3.jpg\" alt=\"Material moisture meter\" class=\"wp-image-24\" srcset=\"https:\/\/alfonzoinstruments.com\/en\/wp-content\/uploads\/2020\/03\/humedad-3.jpg 220w, https:\/\/alfonzoinstruments.com\/en\/wp-content\/uploads\/2020\/03\/humedad-3-150x150.jpg 150w\" sizes=\"(max-width: 220px) 100vw, 220px\" \/><figcaption>  Material moisture meter <\/figcaption><\/figure><\/div>\n\n\n\n<div class=\"wp-block-image\"><figure class=\"alignleft size-large\"><img loading=\"lazy\" width=\"220\" height=\"220\" src=\"https:\/\/alfonzoinstruments.com\/en\/wp-content\/uploads\/2020\/03\/humedad-1.jpg\" alt=\"Sondas de humedad\" class=\"wp-image-22\" srcset=\"https:\/\/alfonzoinstruments.com\/en\/wp-content\/uploads\/2020\/03\/humedad-1.jpg 220w, https:\/\/alfonzoinstruments.com\/en\/wp-content\/uploads\/2020\/03\/humedad-1-150x150.jpg 150w\" sizes=\"(max-width: 220px) 100vw, 220px\" \/><figcaption> Humidity probes <\/figcaption><\/figure><\/div>\n\n\n\n<div class=\"wp-block-image\"><figure class=\"alignleft size-large\"><img loading=\"lazy\" width=\"220\" height=\"220\" src=\"https:\/\/alfonzoinstruments.com\/en\/wp-content\/uploads\/2020\/03\/humedad-2.jpg\" alt=\"Registrador de humedad\" class=\"wp-image-23\" srcset=\"https:\/\/alfonzoinstruments.com\/en\/wp-content\/uploads\/2020\/03\/humedad-2.jpg 220w, https:\/\/alfonzoinstruments.com\/en\/wp-content\/uploads\/2020\/03\/humedad-2-150x150.jpg 150w\" sizes=\"(max-width: 220px) 100vw, 220px\" \/><figcaption>  Humidity data logger <\/figcaption><\/figure><\/div>\n\n\n\n<hr>\n","protected":false},"excerpt":{"rendered":"<p>Los&nbsp;medidores de humedad&nbsp;de Testo (llamados tambi\u00e9n termohigr\u00f3metros o higr\u00f3metros) sirven para medir la humedad ambiental y en los materiales, de manera segura, r\u00e1pida y precisa. A Testo&nbsp;moisture meter&nbsp;(also called a thermohygrometer, hygrometer or humidity meter) measures humidity and material moisture reliably, quickly and precisely. Testo moisture meters offer you the&#8230;<\/p>\n<p class=\"continue-reading-button\"> <a class=\"continue-reading-link\" href=\"https:\/\/alfonzoinstruments.com\/en\/moisture-meter\/\">Continue reading<i class=\"crycon-right-dir\"><\/i><\/a><\/p>\n","protected":false},"author":1,"featured_media":0,"parent":0,"menu_order":0,"comment_status":"closed","ping_status":"closed","template":"templates\/template-twocolumns-right.php","meta":[],"_links":{"self":[{"href":"https:\/\/alfonzoinstruments.com\/en\/wp-json\/wp\/v2\/pages\/152"}],"collection":[{"href":"https:\/\/alfonzoinstruments.com\/en\/wp-json\/wp\/v2\/pages"}],"about":[{"href":"https:\/\/alfonzoinstruments.com\/en\/wp-json\/wp\/v2\/types\/page"}],"author":[{"embeddable":true,"href":"https:\/\/alfonzoinstruments.com\/en\/wp-json\/wp\/v2\/users\/1"}],"replies":[{"embeddable":true,"href":"https:\/\/alfonzoinstruments.com\/en\/wp-json\/wp\/v2\/comments?post=152"}],"version-history":[{"count":3,"href":"https:\/\/alfonzoinstruments.com\/en\/wp-json\/wp\/v2\/pages\/152\/revisions"}],"predecessor-version":[{"id":171,"href":"https:\/\/alfonzoinstruments.com\/en\/wp-json\/wp\/v2\/pages\/152\/revisions\/171"}],"wp:attachment":[{"href":"https:\/\/alfonzoinstruments.com\/en\/wp-json\/wp\/v2\/media?parent=152"}],"curies":[{"name":"wp","href":"https:\/\/api.w.org\/{rel}","templated":true}]}}